{"id":79,"date":"2020-09-21T11:26:30","date_gmt":"2020-09-21T09:26:30","guid":{"rendered":"http:\/\/www.korosi.cz\/?page_id=79"},"modified":"2020-09-21T11:31:36","modified_gmt":"2020-09-21T09:31:36","slug":"havarie-kominu","status":"publish","type":"page","link":"https:\/\/www.korosi.cz\/index.php\/nase-sluzby\/havarie-kominu\/","title":{"rendered":"Hav\u00e1rie kom\u00edn\u016f"},"content":{"rendered":"\n<p><strong>Kominictv\u00ed\u00a0K\u00f6r\u00f6si Josef<\/strong>\u00a0z Fulneku zaji\u0161\u0165uje rychl\u00e9 \u0159e\u0161en\u00ed p\u0159i hav\u00e1ri\u00edch kom\u00edn\u016f.\u200b<\/p>\n\n\n\n<p>K naru\u0161en\u00ed kom\u00edn\u016f doch\u00e1z\u00ed nej\u010dast\u011bji p\u0159i vyho\u0159en\u00ed saz\u00ed u tuh\u00fdch a kapaln\u00fdch paliv. <strong>P\u0159i vyho\u0159en\u00ed vznik\u00e1 v kom\u00edn\u011b teplota p\u0159es 1000\u00b0C a &nbsp;vysok\u00fd tlak<\/strong> v jeho\u017e d\u016fsledku doch\u00e1z\u00ed k naru\u0161en\u00ed kom\u00ednov\u00e9ho zdiva. Pokud je naru\u0161eno zdivo v p\u016fdn\u00edm prostoru m\u016f\u017ee doj\u00edt k po\u017e\u00e1ru.<\/p>\n\n\n\n<p>U plynn\u00fdch paliv doch\u00e1z\u00ed k oxidaci star\u00fdch hlin\u00edkov\u00fdch vlo\u017eek a n\u00e1sledn\u011b k jejich zborcen\u00ed do \u200b\u200bkom\u00ednov\u00e9ho pr\u016fduchu, \u010d\u00edm\u017e kom\u00edn ztr\u00e1c\u00ed funk\u010dnost. To je zp\u016fsobeno t\u00edm, \u017ee spot\u0159ebi\u010de v dne\u0161n\u00ed dob\u011b jsou p\u0159izp\u016fsobeny men\u0161\u00ed spot\u0159eb\u011b a t\u00edm p\u00e1dem maj\u00ed v\u011bt\u0161\u00ed n\u00e1roky na odvod spalin a kondenz\u00e1tu.<\/p>\n\n\n\n<p>Na\u0161e firma V\u00e1m nab\u00edz\u00ed posouzen\u00ed takto po\u0161kozen\u00e9ho kom\u00ednu, n\u00e1vrh \u0159e\u0161en\u00ed a n\u00e1slednou realizaci navr\u017een\u00fdch prac\u00ed. Sou\u010d\u00e1st\u00ed proveden\u00e9ho d\u00edla je vypracov\u00e1n\u00ed kone\u010dn\u00e9 revizn\u00ed zpr\u00e1vy. V p\u0159\u00edpad\u011b, \u017ee je stavba poji\u0161t\u011bna, vypracujeme V\u00e1m revizn\u00ed a technickou zpr\u00e1vu pro poji\u0161\u0165ovnu.<\/p>\n\n\n\n<figure class=\"wp-block-gallery columns-2 is-cropped wp-block-gallery-1 is-layout-flex wp-block-gallery-is-layout-flex\"><ul class=\"blocks-gallery-grid\"><li class=\"blocks-gallery-item\"><figure><a href=\"http:\/\/www.korosi.cz\/wp-content\/uploads\/2020\/09\/havarie1.jpg\"><img loading=\"lazy\" decoding=\"async\" width=\"150\" height=\"150\" src=\"http:\/\/www.korosi.cz\/wp-content\/uploads\/2020\/09\/havarie1-150x150.jpg\" alt=\"\" data-id=\"81\" data-full-url=\"http:\/\/www.korosi.cz\/wp-content\/uploads\/2020\/09\/havarie1.jpg\" data-link=\"http:\/\/www.korosi.cz\/index.php\/nase-sluzby\/havarie-kominu\/havarie1\/\" class=\"wp-image-81\"\/><\/a><\/figure><\/li><li class=\"blocks-gallery-item\"><figure><a href=\"http:\/\/www.korosi.cz\/wp-content\/uploads\/2020\/09\/havarie2.jpg\"><img loading=\"lazy\" decoding=\"async\" width=\"150\" height=\"150\" src=\"http:\/\/www.korosi.cz\/wp-content\/uploads\/2020\/09\/havarie2-150x150.jpg\" alt=\"\" data-id=\"82\" data-full-url=\"http:\/\/www.korosi.cz\/wp-content\/uploads\/2020\/09\/havarie2.jpg\" data-link=\"http:\/\/www.korosi.cz\/index.php\/nase-sluzby\/havarie-kominu\/havarie2\/\" class=\"wp-image-82\"\/><\/a><\/figure><\/li><\/ul><\/figure>\n","protected":false},"excerpt":{"rendered":"<p>Kominictv\u00ed\u00a0K\u00f6r\u00f6si Josef\u00a0z Fulneku zaji\u0161\u0165uje rychl\u00e9 \u0159e\u0161en\u00ed p\u0159i hav\u00e1ri\u00edch kom\u00edn\u016f.\u200b K naru\u0161en\u00ed kom\u00edn\u016f doch\u00e1z\u00ed nej\u010dast\u011bji p\u0159i vyho\u0159en\u00ed saz\u00ed u tuh\u00fdch a kapaln\u00fdch paliv. P\u0159i vyho\u0159en\u00ed vznik\u00e1 v kom\u00edn\u011b teplota p\u0159es 1000\u00b0C a &nbsp;vysok\u00fd tlak v jeho\u017e d\u016fsledku doch\u00e1z\u00ed k naru\u0161en\u00ed kom\u00ednov\u00e9ho zdiva. Pokud je naru\u0161eno zdivo v p\u016fdn\u00edm prostoru m\u016f\u017ee doj\u00edt k po\u017e\u00e1ru. U plynn\u00fdch paliv [&hellip;]<\/p>\n","protected":false},"author":1,"featured_media":0,"parent":15,"menu_order":0,"comment_status":"closed","ping_status":"closed","template":"","meta":{"footnotes":""},"_links":{"self":[{"href":"https:\/\/www.korosi.cz\/index.php\/wp-json\/wp\/v2\/pages\/79"}],"collection":[{"href":"https:\/\/www.korosi.cz\/index.php\/wp-json\/wp\/v2\/pages"}],"about":[{"href":"https:\/\/www.korosi.cz\/index.php\/wp-json\/wp\/v2\/types\/page"}],"author":[{"embeddable":true,"href":"https:\/\/www.korosi.cz\/index.php\/wp-json\/wp\/v2\/users\/1"}],"replies":[{"embeddable":true,"href":"https:\/\/www.korosi.cz\/index.php\/wp-json\/wp\/v2\/comments?post=79"}],"version-history":[{"count":2,"href":"https:\/\/www.korosi.cz\/index.php\/wp-json\/wp\/v2\/pages\/79\/revisions"}],"predecessor-version":[{"id":83,"href":"https:\/\/www.korosi.cz\/index.php\/wp-json\/wp\/v2\/pages\/79\/revisions\/83"}],"up":[{"embeddable":true,"href":"https:\/\/www.korosi.cz\/index.php\/wp-json\/wp\/v2\/pages\/15"}],"wp:attachment":[{"href":"https:\/\/www.korosi.cz\/index.php\/wp-json\/wp\/v2\/media?parent=79"}],"curies":[{"name":"wp","href":"https:\/\/api.w.org\/{rel}","templated":true}]}}