{"id":45,"date":"2020-09-21T11:10:21","date_gmt":"2020-09-21T09:10:21","guid":{"rendered":"http:\/\/www.korosi.cz\/?page_id=45"},"modified":"2020-09-21T11:10:57","modified_gmt":"2020-09-21T09:10:57","slug":"vlozkovani-kominu-na-tuha-kapalna-a-plynna-paliva-kominove-nastavce-a-kourovody","status":"publish","type":"page","link":"https:\/\/www.korosi.cz\/index.php\/nase-sluzby\/vlozkovani-kominu-na-tuha-kapalna-a-plynna-paliva-kominove-nastavce-a-kourovody\/","title":{"rendered":"Vlo\u017ekov\u00e1n\u00ed kom\u00edn\u016f na tuh\u00e1, kapaln\u00e1 a plynn\u00e1 paliva. Kom\u00ednov\u00e9 n\u00e1stavce a kou\u0159ovody."},"content":{"rendered":"\n<p>Firma&nbsp;<strong>K\u00f6r\u00f6si Josef \u2013 Kominictv\u00ed<\/strong> z Fulneku <strong>prov\u00e1d\u00ed vlo\u017ekov\u00e1n\u00ed kom\u00edn\u016f na tuh\u00e1, kapaln\u00e1 a plynn\u00e1 paliva.<\/strong><\/p>\n\n\n\n<h2 class=\"wp-block-heading\"><strong>PAMATUJTE,<\/strong><\/h2>\n\n\n\n<p>\u017ee bezpe\u010dnost a zdrav\u00ed V\u00e1s i Va\u0161ich nejbli\u017e\u0161\u00edch je nejen Va\u0161\u00edm, ale i na\u0161\u00edm c\u00edlem. D\u00edky \u00fazk\u00e9 specializaci na\u0161\u00ed kominick\u00e9 firmy V\u00e1m m\u016f\u017eeme nab\u00eddnout komplexn\u00ed slu\u017eby, co\u017e v praxi znamen\u00e1, \u017ee pro V\u00e1s a V\u00e1\u0161 d\u016fm nab\u00edz\u00edme n\u00e1vrh a proveden\u00ed rekonstrukce kom\u00edn\u016f, p\u0159ipojen\u00ed spot\u0159ebi\u010de ke kom\u00ednov\u00e9mu pr\u016fduchu (proveden\u00ed kou\u0159ovodu) a kone\u010dnou revizi. To v\u0161e v\u010detn\u011b zednick\u00fdch a souvisej\u00edc\u00edch prac\u00ed.<\/p>\n\n\n\n<h2 class=\"wp-block-heading\"><strong>Jednovrstv\u00e9 kom\u00edny<\/strong><\/h2>\n\n\n\n<p><strong>Vlo\u017ekov\u00e1n\u00ed jednovrstv\u00fdch kom\u00edn\u016f je nejpou\u017e\u00edvan\u011bj\u0161\u00ed zp\u016fsob rekonstrukce kom\u00edn\u016f<\/strong> p\u0159ed p\u0159ipojen\u00edm spot\u0159ebi\u010de na kou\u0159ovou cestu. Modern\u00ed spot\u0159ebi\u010de na v\u0161echny druhy paliv kladou vysok\u00e9 n\u00e1roky na odtah spalin. Zejm\u00e9na nenas\u00e1kavost, odolnost v\u016f\u010di vlhkosti a n\u00edzk\u00e9 teploty spalin hraj\u00ed velkou roli p\u0159i ur\u010dov\u00e1n\u00ed vhodn\u00e9ho materi\u00e1lu pro kom\u00ednovou vlo\u017eku. Z\u00e1ruky bezpe\u010dnosti a kvality instalovan\u00fdch materi\u00e1l\u016f V\u00e1m zaru\u010d\u00ed vysok\u00fd a dlouhodob\u00fd \u00fa\u010dinek vlo\u017een\u00fdch finan\u010dn\u00edch prost\u0159edk\u016f.<\/p>\n\n\n\n<p>Pe\u010dliv\u011b sledujeme v\u00fdvoj tepeln\u00e9 techniky a nov\u00fdch technologi\u00ed. Jako odborn\u00e1 kominick\u00e1 firma jsme schopni V\u00e1m instalovat nejnov\u011bj\u0161\u00ed materi\u00e1ly pou\u017e\u00edvan\u00e9 v kom\u00ednov\u00fdch syst\u00e9mech.<\/p>\n\n\n\n<p>Jednovrstv\u00fd kovov\u00fd kom\u00ednov\u00fd syst\u00e9m se pou\u017e\u00edv\u00e1 zejm\u00e9na pro obnovu st\u00e1vaj\u00edc\u00edch zd\u011bn\u00fdch kom\u00edn\u016f na kom\u00edny v\u00edcevrstv\u00e9 &#8211; tj. osazen\u00ed kom\u00ednov\u00e9 vlo\u017eky a tvarovek vytv\u00e1\u0159\u00ed pr\u016fduch v\u00edcevrstv\u00e9ho kom\u00edna, kom\u00ednov\u00fdm pl\u00e1\u0161t\u011bm je zdivo a izolac\u00ed je vzduchov\u00e1 dilatace. Kom\u00ednov\u00e9 vlo\u017eky a jednovrstv\u00e9 segmentov\u00e9 prvky kom\u00ednov\u00e9ho syst\u00e9mu se vyu\u017e\u00edvaj\u00ed pro mont\u00e1\u017e kou\u0159ovod\u016f, slou\u017e\u00edc\u00ed jako odtah spalin od spot\u0159ebi\u010d\u016f paliv na plynn\u00e1, kapaln\u00e1 a tuh\u00e1 paliva.<\/p>\n\n\n\n<h2 class=\"wp-block-heading\"><strong>Keramika &#8211; \u0161amotov\u00e9 kom\u00ednov\u00e9 vlo\u017eky:<\/strong>\u200b<\/h2>\n\n\n\n<p>Uk\u00e1zka stavebn\u00edch d\u00edl\u016f SCHIEDEL<br>Uk\u00e1zka stavebn\u00edch d\u00edl\u016f SCHIEDEL<br>P\u0159i na\u0161\u00ed pr\u00e1ci pou\u017e\u00edv\u00e1me kom\u00ednov\u00e9 vlo\u017eky firmy <strong>SCHIEDEL, a.s.<\/strong><\/p>\n\n\n\n<figure class=\"wp-block-image size-large\"><img loading=\"lazy\" decoding=\"async\" width=\"270\" height=\"245\" src=\"http:\/\/www.korosi.cz\/wp-content\/uploads\/2020\/09\/vlozkovani1.jpg\" alt=\"\" class=\"wp-image-46\" srcset=\"https:\/\/www.korosi.cz\/wp-content\/uploads\/2020\/09\/vlozkovani1.jpg 270w, https:\/\/www.korosi.cz\/wp-content\/uploads\/2020\/09\/vlozkovani1-121x110.jpg 121w\" sizes=\"(max-width: 270px) 100vw, 270px\" \/><\/figure>\n\n\n\n<h2 class=\"wp-block-heading\"><strong>Keramick\u00e9 &#8211; \u0161amotov\u00e9 vlo\u017eky<\/strong><\/h2>\n\n\n\n<p><strong>KERANOVA<\/strong>&#8211; tenkost\u011bnn\u00e9 keramick\u00e9 kom\u00ednov\u00e9 vlo\u017eky <strong>se z\u00e1rukou 30 let.<\/strong><\/p>\n\n\n\n<p><strong>UNI (UNISAN)<\/strong> &#8211; klasick\u00e9 \u0161amotov\u00e9 kom\u00ednov\u00e9 vlo\u017eky. V p\u0159\u00edpad\u011b jejich pou\u017eit\u00ed p\u0159i prov\u00e1d\u011bn\u00ed rekonstrukc\u00ed poskytuje v\u00fdrobce <strong>z\u00e1ruku 10 let.<\/strong><\/p>\n\n\n\n<h2 class=\"wp-block-heading\"><strong>Um\u011bl\u00e1 hmota PROGAS a PROGASFLEX:<\/strong><\/h2>\n\n\n\n<p>Tyto kom\u00ednov\u00e9 vlo\u017eky jsou zvl\u00e1\u0161\u0165 vhodn\u00e9 pro odtah spalin od kondenza\u010dn\u00edch kotl\u016f na plynn\u00e1 paliva. Jsou <strong>vyrobeny z PVDF<\/strong> (polyvinylfluorid) a d\u00edky sv\u00fdm vlastnostem jsou <strong>pou\u017e\u00edv\u00e1ny i ve vysoce agresivn\u00edm prost\u0159ed\u00ed.<\/strong><\/p>\n\n\n\n<h2 class=\"wp-block-heading\"><strong>Kovov\u00e9 kom\u00ednov\u00e9 vlo\u017eky:<\/strong><\/h2>\n\n\n\n<p>Podle ustanoven\u00ed z\u00e1kona \u010d. 22\/1997 Sb. o technick\u00fdch po\u017eadavc\u00edch na v\u00fdrobky jsou pro vlo\u017ekov\u00e1n\u00ed kom\u00edn\u016f kovov\u00fdmi vlo\u017ekami z\u00e1vazn\u011b ur\u010deny druhy a tlou\u0161\u0165ky materi\u00e1l\u016f, kter\u00e9 je mo\u017eno pro spot\u0159ebi\u010de na dan\u00e9 druhy paliv pou\u017e\u00edt. Ka\u017ed\u00fd materi\u00e1l m\u00e1 sv\u016fj \u00fa\u010del a je ho mo\u017eno pou\u017e\u00edt pro p\u0159esn\u011b ur\u010den\u00e9 spot\u0159ebi\u010de.<\/p>\n\n\n\n<h2 class=\"wp-block-heading\"><strong>T\u0159\u00edvrstv\u00fd kom\u00ednov\u00fd syst\u00e9m:<\/strong>\u200b<\/h2>\n\n\n\n<h2 class=\"wp-block-heading\"><strong>1. Spojov\u00e1n\u00ed<\/strong><\/h2>\n\n\n\n<div class=\"wp-block-image\"><figure class=\"alignright size-large\"><img loading=\"lazy\" decoding=\"async\" width=\"173\" height=\"270\" src=\"http:\/\/www.korosi.cz\/wp-content\/uploads\/2020\/09\/vlozkovani2.jpg\" alt=\"\" class=\"wp-image-47\" srcset=\"https:\/\/www.korosi.cz\/wp-content\/uploads\/2020\/09\/vlozkovani2.jpg 173w, https:\/\/www.korosi.cz\/wp-content\/uploads\/2020\/09\/vlozkovani2-70x110.jpg 70w, https:\/\/www.korosi.cz\/wp-content\/uploads\/2020\/09\/vlozkovani2-160x250.jpg 160w\" sizes=\"(max-width: 173px) 100vw, 173px\" \/><\/figure><\/div>\n\n\n\n<p>Sch\u00e9ma t\u0159\u00edvrstv\u00e9ho kom\u00ednov\u00e9ho syst\u00e9mu<br>Sch\u00e9ma t\u0159\u00edvrstv\u00e9ho&nbsp;<br>kom\u00ednov\u00e9ho syst\u00e9mu<br>Syst\u00e9m je proveden tzv. \u201epo vod\u011b\u201c tj., \u017ee vznikaj\u00edc\u00ed kondenz\u00e1t ze spalin uvnit\u0159 kom\u00edna a de\u0161\u0165ov\u00e1 voda z venku nem\u016f\u017eou pronikat do izola\u010dn\u00ed vrstvy, kter\u00e1 t\u00edm p\u00e1dem nevlhne a uchov\u00e1v\u00e1 si izola\u010dn\u00ed vlastnosti. Pro zpevn\u011bn\u00ed a statick\u00e9 zaji\u0161t\u011bn\u00ed je ka\u017ed\u00fd spoj fixov\u00e1n vn\u011bj\u0161\u00ed sponou, kter\u00e1 je automaticky sou\u010d\u00e1st\u00ed ka\u017ed\u00e9ho prvku tvo\u0159\u00edc\u00ed spalinovou cestu.<\/p>\n\n\n\n<h2 class=\"wp-block-heading\"><strong>2. Vn\u011bj\u0161\u00ed pl\u00e1\u0161\u0165<\/strong><\/h2>\n\n\n\n<p>Vn\u011bj\u0161\u00ed pl\u00e1\u0161\u0165 je proveden z u\u0161lechtil\u00e9 nerez oceli (1.4301) o s\u00edle materi\u00e1lu 0,6 mm. Dal\u0161\u00ed variantou pl\u00e1\u0161t\u011b je aluxovan\u00fd hlin\u00edk dle barvy fas\u00e1dy nebo st\u0159e\u0161n\u00ed krytiny.<\/p>\n\n\n\n<h2 class=\"wp-block-heading\"><strong>3. Vnit\u0159n\u00ed vlo\u017eka<\/strong><\/h2>\n\n\n\n<p>V rozta\u017een\u00e9m hrdle je vytvarovan\u00e1 dr\u00e1\u017eka pro silikonov\u00e9 t\u011bsn\u011bn\u00ed. Syst\u00e9m je proveden tak, \u017ee ka\u017ed\u00e1 vlo\u017eka dilatuje zvl\u00e1\u0161\u0165 a hmotnost kom\u00ednov\u00e9ho t\u011blesa se do vyn\u00e1\u0161ec\u00edch prvk\u016f p\u0159en\u00e1\u0161\u00ed jenom vn\u011bj\u0161\u00edm pl\u00e1\u0161t\u011bm. To znamen\u00e1, \u017ee u dlouh\u00fdch kom\u00edn\u016f nedoch\u00e1z\u00ed k extr\u00e9mn\u00edmu pohybu vlo\u017eky vlivem zm\u011bny teploty uvnit\u0159 kom\u00edna. Vnit\u0159n\u00ed vlo\u017eka je s vn\u011bj\u0161\u00edm pl\u00e1\u0161t\u011bm spojena pouze bodov\u011b, tak\u017ee tepeln\u00e9 mosty jsou zanedbateln\u00e9.<\/p>\n\n\n\n<h2 class=\"wp-block-heading\"><strong>4. Tepeln\u00e1 izolace<\/strong><\/h2>\n\n\n\n<p>Tepeln\u00e1 izolace sest\u00e1v\u00e1 z vysoko jakostn\u00edho miner\u00e1ln\u00edho vl\u00e1kna (tlou\u0161\u0165ka 25 nebo 50 mm) s objemovou hmotnost\u00ed min. 100 kg\/m3.<\/p>\n\n\n\n<p>Kom\u00edny se doporu\u010duj\u00ed vyvlo\u017ekovat v p\u0159\u00edpad\u011b, kdy\u017e kom\u00ednov\u00fd pr\u016fduch neodpov\u00edd\u00e1 platn\u00fdm p\u0159edpis\u016fm, kdy\u017e se p\u0159ech\u00e1z\u00ed na jin\u00fd druh paliva nebo kdy\u017e kondenz\u00e1t pronik\u00e1 do st\u011bn kom\u00ednov\u00e9ho t\u011blesa a v m\u00edstnosti je c\u00edtit z\u00e1pach spalin.<\/p>\n\n\n\n<h2 class=\"wp-block-heading\"><strong>Kom\u00ednov\u00e9 n\u00e1stavce<\/strong>\u200b<\/h2>\n\n\n\n<p>Kom<br>N\u00e1stavec kom\u00ednu z t\u0159\u00edvrstv\u00e9ho&nbsp;<br>nerezov\u00e9ho syst\u00e9mu.<br>Na\u0161e kominick\u00e1 firma dod\u00e1v\u00e1 a realizuje <strong>kom\u00ednov\u00e9 n\u00e1stavce z t\u0159\u00edvrstv\u00fdch nerezov\u00fdch syst\u00e9m\u016f, <\/strong>kter\u00e9 se pou\u017e\u00edvaj\u00ed jednak pro vy\u0159e\u0161en\u00ed probl\u00e9m\u016f kom\u00edn\u016f s nedostate\u010dnou \u00fa\u010dinnou v\u00fd\u0161kou (kter\u00e9 jsou um\u00edst\u011bny nap\u0159\u00edklad daleko od h\u0159ebenu st\u0159echy nebo bl\u00edzko vy\u0161\u0161\u00edch objekt\u016f, u n\u00edzk\u00fdch objekt\u016f, kde kom\u00edn mus\u00ed m\u00edt vzhledem k pou\u017eit\u00e9mu spot\u0159ebi\u010di ur\u010ditou \u00fa\u010dinnou v\u00fd\u0161ku, v\u00fdrazn\u011b p\u0159evy\u0161uj\u00edc\u00ed objekt apod.) nebo tam, kde je jejich pou\u017eit\u00ed vyvol\u00e1no architektonick\u00fdmi po\u017eadavky.<\/p>\n\n\n\n<p>Kombinace univerz\u00e1ln\u00edho keramick\u00e9ho kom\u00edna s mimo\u0159\u00e1dn\u011b dlouhou \u017eivotnost\u00ed, uvnit\u0159 budovy, a subtiln\u00edho t\u0159\u00edvrstv\u00e9ho nerezov\u00e9ho n\u00e1stavce nad st\u0159echou je potom ide\u00e1ln\u00edm \u0159e\u0161en\u00edm.<\/p>\n\n\n\n<figure class=\"wp-block-image size-large\"><img loading=\"lazy\" decoding=\"async\" width=\"270\" height=\"202\" src=\"http:\/\/www.korosi.cz\/wp-content\/uploads\/2020\/09\/vlozkovani3.jpg\" alt=\"\" class=\"wp-image-49\" srcset=\"https:\/\/www.korosi.cz\/wp-content\/uploads\/2020\/09\/vlozkovani3.jpg 270w, https:\/\/www.korosi.cz\/wp-content\/uploads\/2020\/09\/vlozkovani3-147x110.jpg 147w\" sizes=\"(max-width: 270px) 100vw, 270px\" \/><\/figure>\n\n\n\n<h2 class=\"wp-block-heading\"><strong>Kou\u0159ovody<\/strong><\/h2>\n\n\n\n<p>Na\u0161e kominick\u00e1 firma prov\u00e1d\u00ed<strong> jednovrstv\u00e9 i t\u0159\u00edvrstv\u00e9 (tepeln\u011b izolovan\u00e9) kou\u0159ovody<\/strong>, jednoduch\u00e9 i spole\u010dn\u00e9 (pro v\u00edce spot\u0159ebi\u010d\u016f) z materi\u00e1l\u016f <strong>hlin\u00edk i nerez<\/strong>. Kou\u0159ovody v\u017edy odpov\u00eddaj\u00ed po\u017eadavk\u016fm \u010cSN 734201:2002. V\u00fdhodou je plynul\u00e1 n\u00e1vaznost dod\u00e1vky kou\u0159ovodu na vlo\u017ekov\u00e1n\u00ed kom\u00ednu nebo dod\u00e1vku kom\u00ednu, \u010d\u00edm\u017e se zkracuje \u010das do spu\u0161t\u011bn\u00ed spot\u0159ebi\u010de.<\/p>\n","protected":false},"excerpt":{"rendered":"<p>Firma&nbsp;K\u00f6r\u00f6si Josef \u2013 Kominictv\u00ed z Fulneku prov\u00e1d\u00ed vlo\u017ekov\u00e1n\u00ed kom\u00edn\u016f na tuh\u00e1, kapaln\u00e1 a plynn\u00e1 paliva. PAMATUJTE, \u017ee bezpe\u010dnost a zdrav\u00ed V\u00e1s i Va\u0161ich nejbli\u017e\u0161\u00edch je nejen Va\u0161\u00edm, ale i na\u0161\u00edm c\u00edlem. D\u00edky \u00fazk\u00e9 specializaci na\u0161\u00ed kominick\u00e9 firmy V\u00e1m m\u016f\u017eeme nab\u00eddnout komplexn\u00ed slu\u017eby, co\u017e v praxi znamen\u00e1, \u017ee pro V\u00e1s a V\u00e1\u0161 d\u016fm nab\u00edz\u00edme n\u00e1vrh a [&hellip;]<\/p>\n","protected":false},"author":1,"featured_media":0,"parent":15,"menu_order":0,"comment_status":"closed","ping_status":"closed","template":"","meta":{"footnotes":""},"_links":{"self":[{"href":"https:\/\/www.korosi.cz\/index.php\/wp-json\/wp\/v2\/pages\/45"}],"collection":[{"href":"https:\/\/www.korosi.cz\/index.php\/wp-json\/wp\/v2\/pages"}],"about":[{"href":"https:\/\/www.korosi.cz\/index.php\/wp-json\/wp\/v2\/types\/page"}],"author":[{"embeddable":true,"href":"https:\/\/www.korosi.cz\/index.php\/wp-json\/wp\/v2\/users\/1"}],"replies":[{"embeddable":true,"href":"https:\/\/www.korosi.cz\/index.php\/wp-json\/wp\/v2\/comments?post=45"}],"version-history":[{"count":2,"href":"https:\/\/www.korosi.cz\/index.php\/wp-json\/wp\/v2\/pages\/45\/revisions"}],"predecessor-version":[{"id":50,"href":"https:\/\/www.korosi.cz\/index.php\/wp-json\/wp\/v2\/pages\/45\/revisions\/50"}],"up":[{"embeddable":true,"href":"https:\/\/www.korosi.cz\/index.php\/wp-json\/wp\/v2\/pages\/15"}],"wp:attachment":[{"href":"https:\/\/www.korosi.cz\/index.php\/wp-json\/wp\/v2\/media?parent=45"}],"curies":[{"name":"wp","href":"https:\/\/api.w.org\/{rel}","templated":true}]}}