{"id":144,"date":"2020-09-21T12:03:21","date_gmt":"2020-09-21T10:03:21","guid":{"rendered":"http:\/\/www.korosi.cz\/?page_id=144"},"modified":"2020-10-05T09:03:08","modified_gmt":"2020-10-05T07:03:08","slug":"o-firme","status":"publish","type":"page","link":"https:\/\/www.korosi.cz\/index.php\/o-firme\/","title":{"rendered":"O firm\u011b"},"content":{"rendered":"\n<div class=\"wp-block-image\"><figure class=\"alignright size-large\"><img loading=\"lazy\" decoding=\"async\" width=\"161\" height=\"142\" src=\"https:\/\/www.korosi.cz\/wp-content\/uploads\/2020\/10\/spolecenstvo-kominiku-logo.png\" alt=\"\" class=\"wp-image-172\" srcset=\"https:\/\/www.korosi.cz\/wp-content\/uploads\/2020\/10\/spolecenstvo-kominiku-logo.png 161w, https:\/\/www.korosi.cz\/wp-content\/uploads\/2020\/10\/spolecenstvo-kominiku-logo-125x110.png 125w\" sizes=\"(max-width: 161px) 100vw, 161px\" \/><\/figure><\/div>\n\n\n\n<p>Kominictv\u00ed Josef K\u00f6r\u00f6si&nbsp;bylo&nbsp;zalo\u017eeno&nbsp;v roce 1991 se s\u00eddlem Vrchy 9. V roce 2005 jsme z\u0159\u00eddili provozovnu ve Fulneku na Pivovarsk\u00e9 ulici 242. Na\u0161e kominick\u00e1 firma je \u010dlenem <strong>Spole\u010denstva komin\u00edk\u016f \u010cR a v\u00fdhradn\u00ed partner spole\u010dnosti SCHIEDEL<\/strong> pro obnovu kom\u00edn\u016f.<\/p>\n\n\n\n<p>Na\u0161e firma se zab\u00fdv\u00e1 komplexn\u00edm \u0159e\u0161en\u00edm spalinov\u00fdch cest, od vypracov\u00e1n\u00ed projektov\u00e9 dokumentace, dod\u00e1vku a mont\u00e1\u017e kom\u00edn\u016f a kou\u0159ovod\u016f a\u017e po z\u00e1v\u011bre\u010dnou revizn\u00ed zpr\u00e1vu. Krom\u011b toho zaji\u0161\u0165ujeme v r\u00e1mci sv\u00e9 kominick\u00e9 \u010dinnosti i periodick\u00e9 prohl\u00eddky spalinov\u00fdch cest a autorizovan\u00e9 m\u011b\u0159en\u00ed mal\u00fdch zdroj\u016f zne\u010di\u0161\u0165ov\u00e1n\u00ed ovzdu\u0161\u00ed podle z\u00e1kona \u010d. 86\/2002 Sb. o ochran\u011b ovzdu\u0161\u00ed. D\u00e1le prov\u00e1d\u00edme stavby teplovzdu\u0161n\u00fdch a teplovodn\u00edch krb\u016f a kom\u00ednov\u00fdch celk\u016f.&nbsp;<\/p>\n\n\n\n<h2 class=\"wp-block-heading\"><strong>Prov\u00e1d\u00edme:<\/strong><\/h2>\n\n\n\n<ul><li>\u010di\u0161t\u011bn\u00ed kom\u00edn\u016f a kou\u0159ovod\u016f,<\/li><li>vlo\u017ekov\u00e1n\u00ed kom\u00edn\u016f,<\/li><li>fr\u00e9zov\u00e1n\u00ed kom\u00edn\u016f,<\/li><li>stavby a rekonstrukce jednovrstv\u00fdch kom\u00edn\u016f,<\/li><li>stavby v\u00edcevrstv\u00fdch fas\u00e1dn\u00edch kom\u00edn\u016f,<\/li><li>mont\u00e1\u017e kou\u0159ovod\u016f,<\/li><li>dod\u00e1vku a mont\u00e1\u017e krb\u016f a krbov\u00fdch vlo\u017eek,<\/li><li>kom\u00ednov\u00e9 l\u00e1vky, kom\u00ednov\u00e9 hlavy,<\/li><li>revize kom\u00edn\u016f a kou\u0159ovod\u016f,<\/li><li>autorizovan\u00e9 m\u011b\u0159en\u00ed emis\u00ed,<\/li><li>posouzen\u00ed a kontroly spalinov\u00fdch cest \u2013 p\u0159ipojen\u00ed spot\u0159ebi\u010de, kolaudace,<\/li><li>klemp\u00ed\u0159sk\u00e9 pr\u00e1ce<\/li><\/ul>\n\n\n\n<h2 class=\"wp-block-heading\"><strong>Zajist\u00edme:<\/strong><\/h2>\n\n\n\n<ul><li>navr\u017een\u00ed druhu vlo\u017eky dle Va\u0161ich podm\u00ednek,<\/li><li>jej\u00ed instalaci<\/li><li>projektovou dokumentaci<\/li><\/ul>\n","protected":false},"excerpt":{"rendered":"<p>Kominictv\u00ed Josef K\u00f6r\u00f6si&nbsp;bylo&nbsp;zalo\u017eeno&nbsp;v roce 1991 se s\u00eddlem Vrchy 9. V roce 2005 jsme z\u0159\u00eddili provozovnu ve Fulneku na Pivovarsk\u00e9 ulici 242. Na\u0161e kominick\u00e1 firma je \u010dlenem Spole\u010denstva komin\u00edk\u016f \u010cR a v\u00fdhradn\u00ed partner spole\u010dnosti SCHIEDEL pro obnovu kom\u00edn\u016f. Na\u0161e firma se zab\u00fdv\u00e1 komplexn\u00edm \u0159e\u0161en\u00edm spalinov\u00fdch cest, od vypracov\u00e1n\u00ed projektov\u00e9 dokumentace, dod\u00e1vku a mont\u00e1\u017e kom\u00edn\u016f a kou\u0159ovod\u016f [&hellip;]<\/p>\n","protected":false},"author":1,"featured_media":0,"parent":0,"menu_order":0,"comment_status":"closed","ping_status":"closed","template":"","meta":{"footnotes":""},"_links":{"self":[{"href":"https:\/\/www.korosi.cz\/index.php\/wp-json\/wp\/v2\/pages\/144"}],"collection":[{"href":"https:\/\/www.korosi.cz\/index.php\/wp-json\/wp\/v2\/pages"}],"about":[{"href":"https:\/\/www.korosi.cz\/index.php\/wp-json\/wp\/v2\/types\/page"}],"author":[{"embeddable":true,"href":"https:\/\/www.korosi.cz\/index.php\/wp-json\/wp\/v2\/users\/1"}],"replies":[{"embeddable":true,"href":"https:\/\/www.korosi.cz\/index.php\/wp-json\/wp\/v2\/comments?post=144"}],"version-history":[{"count":2,"href":"https:\/\/www.korosi.cz\/index.php\/wp-json\/wp\/v2\/pages\/144\/revisions"}],"predecessor-version":[{"id":173,"href":"https:\/\/www.korosi.cz\/index.php\/wp-json\/wp\/v2\/pages\/144\/revisions\/173"}],"wp:attachment":[{"href":"https:\/\/www.korosi.cz\/index.php\/wp-json\/wp\/v2\/media?parent=144"}],"curies":[{"name":"wp","href":"https:\/\/api.w.org\/{rel}","templated":true}]}}