{"id":131,"date":"2020-09-21T11:55:47","date_gmt":"2020-09-21T09:55:47","guid":{"rendered":"http:\/\/www.korosi.cz\/?page_id=131"},"modified":"2020-09-21T12:00:00","modified_gmt":"2020-09-21T10:00:00","slug":"certifikaty","status":"publish","type":"page","link":"https:\/\/www.korosi.cz\/index.php\/certifikaty\/","title":{"rendered":"Certifik\u00e1ty"},"content":{"rendered":"\n<p><\/p>\n\n\n\n<div class=\"wp-block-file\"><a href=\"http:\/\/www.korosi.cz\/wp-content\/uploads\/2020\/09\/osvedcenirz1strana.pdf\" target=\"_blank\" rel=\"noreferrer noopener\">Osv\u011bd\u010den\u00ed strana 1 (PDF)<\/a><a href=\"http:\/\/www.korosi.cz\/wp-content\/uploads\/2020\/09\/osvedcenirz1strana.pdf\" class=\"wp-block-file__button\" download>St\u00e1hnout<\/a><\/div>\n\n\n\n<div class=\"wp-block-file\"><a href=\"http:\/\/www.korosi.cz\/wp-content\/uploads\/2020\/09\/osvedcenirz2strana.pdf\" target=\"_blank\" rel=\"noreferrer noopener\">Osv\u011bd\u010den\u00ed strana 2 (PDF)<\/a><a href=\"http:\/\/www.korosi.cz\/wp-content\/uploads\/2020\/09\/osvedcenirz2strana.pdf\" class=\"wp-block-file__button\" download>St\u00e1hnout<\/a><\/div>\n\n\n\n<div class=\"wp-block-file\"><a href=\"http:\/\/www.korosi.cz\/wp-content\/uploads\/2020\/09\/certifikatproverenaspolecnost.pdf\" target=\"_blank\" rel=\"noreferrer noopener\">Prov\u011b\u0159en\u00e1 spole\u010dnost (PDF)<\/a><a href=\"http:\/\/www.korosi.cz\/wp-content\/uploads\/2020\/09\/certifikatproverenaspolecnost.pdf\" class=\"wp-block-file__button\" download>St\u00e1hnout<\/a><\/div>\n\n\n\n<p><\/p>\n","protected":false},"excerpt":{"rendered":"","protected":false},"author":1,"featured_media":0,"parent":0,"menu_order":0,"comment_status":"closed","ping_status":"closed","template":"","meta":{"footnotes":""},"_links":{"self":[{"href":"https:\/\/www.korosi.cz\/index.php\/wp-json\/wp\/v2\/pages\/131"}],"collection":[{"href":"https:\/\/www.korosi.cz\/index.php\/wp-json\/wp\/v2\/pages"}],"about":[{"href":"https:\/\/www.korosi.cz\/index.php\/wp-json\/wp\/v2\/types\/page"}],"author":[{"embeddable":true,"href":"https:\/\/www.korosi.cz\/index.php\/wp-json\/wp\/v2\/users\/1"}],"replies":[{"embeddable":true,"href":"https:\/\/www.korosi.cz\/index.php\/wp-json\/wp\/v2\/comments?post=131"}],"version-history":[{"count":5,"href":"https:\/\/www.korosi.cz\/index.php\/wp-json\/wp\/v2\/pages\/131\/revisions"}],"predecessor-version":[{"id":140,"href":"https:\/\/www.korosi.cz\/index.php\/wp-json\/wp\/v2\/pages\/131\/revisions\/140"}],"wp:attachment":[{"href":"https:\/\/www.korosi.cz\/index.php\/wp-json\/wp\/v2\/media?parent=131"}],"curies":[{"name":"wp","href":"https:\/\/api.w.org\/{rel}","templated":true}]}}