{"id":13,"date":"2020-09-21T09:07:40","date_gmt":"2020-09-21T07:07:40","guid":{"rendered":"http:\/\/www.korosi.cz\/?page_id=13"},"modified":"2020-09-21T09:31:57","modified_gmt":"2020-09-21T07:31:57","slug":"projekty-kominu-a-schvalovani-stavby-kominu","status":"publish","type":"page","link":"https:\/\/www.korosi.cz\/index.php\/nase-sluzby\/projekty-kominu-a-schvalovani-stavby-kominu\/","title":{"rendered":"Projekty kom\u00edn\u016f a schvalov\u00e1n\u00ed stavby kom\u00edn\u016f"},"content":{"rendered":"\n<p><strong>Kominictv\u00ed Josef K\u00f6r\u00f6si<\/strong>&nbsp;z Fulneku <strong>nab\u00edz\u00ed zaji\u0161t\u011bn\u00ed projektov\u00e9 dokumentace<\/strong><\/p>\n\n\n\n<p>\u200b<strong>stavby kom\u00edn\u016f<\/strong> a v\u0161echny \u010dinnosti spojen\u00e9 se stavbou, rekonstrukc\u00ed, p\u0159\u00edpadn\u011b \u00fadr\u017ebou kom\u00edn\u016f.<\/p>\n\n\n\n<figure class=\"wp-block-image size-large\"><img loading=\"lazy\" decoding=\"async\" width=\"498\" height=\"1024\" src=\"http:\/\/www.korosi.cz\/wp-content\/uploads\/2020\/09\/Nerezovy-komin-498x1024.jpg\" alt=\"\" class=\"wp-image-21\" srcset=\"https:\/\/www.korosi.cz\/wp-content\/uploads\/2020\/09\/Nerezovy-komin-498x1024.jpg 498w, https:\/\/www.korosi.cz\/wp-content\/uploads\/2020\/09\/Nerezovy-komin-146x300.jpg 146w, https:\/\/www.korosi.cz\/wp-content\/uploads\/2020\/09\/Nerezovy-komin-53x110.jpg 53w, https:\/\/www.korosi.cz\/wp-content\/uploads\/2020\/09\/Nerezovy-komin-121x250.jpg 121w, https:\/\/www.korosi.cz\/wp-content\/uploads\/2020\/09\/Nerezovy-komin-264x544.jpg 264w, https:\/\/www.korosi.cz\/wp-content\/uploads\/2020\/09\/Nerezovy-komin.jpg 622w\" sizes=\"(max-width: 498px) 100vw, 498px\" \/><\/figure>\n\n\n\n<h2 class=\"wp-block-heading\">V t\u00e9to oblasti nab\u00edz\u00edme tyto slu\u017eby:&nbsp;<\/h2>\n\n\n\n<ul><li>poradenskou \u010dinnost k problematice kom\u00edn\u016f, kou\u0159ovod\u016f a p\u0159ipojov\u00e1n\u00ed spot\u0159ebi\u010d\u016f paliv na z\u00e1klad\u011b nejnov\u011bj\u0161\u00edch zku\u0161enost\u00ed a dostupn\u00fdch technologi\u00ed,<\/li><li>prov\u00e1d\u011bn\u00ed pr\u016fzkum\u016f st\u00e1vaj\u00edc\u00edch kom\u00edn\u016f, jako vstupn\u00edch podklad\u016f pro vypracov\u00e1n\u00ed optim\u00e1ln\u00edho n\u00e1vrhu vyu\u017eit\u00ed t\u011bchto kom\u00edn\u016f pro odvod spalin navr\u017een\u00fdch spot\u0159ebi\u010d\u016f paliv,<\/li><li>n\u00e1vrhy spalinov\u00fdch cest dle platn\u00fdch \u010cSN a p\u0159edpis\u016f, v\u00fdpo\u010dty velikost\u00ed pr\u016fduch\u016f kou\u0159ovod\u016f a kom\u00edn\u016f s n\u00e1sledn\u00fdm vypracov\u00e1n\u00edm projektov\u00e9 dokumentace dle po\u017eadavk\u016f objednatele p\u0159\u00edp. dle po\u017eadavku p\u0159\u00edslu\u0161n\u00fdch stavebn\u00edch nebo jin\u00fdch \u00fa\u0159ad\u016f,<\/li><li>v\u00fdrobu, dod\u00e1vku a mont\u00e1\u017e jednovrstv\u00e9ho kovov\u00e9ho kom\u00ednov\u00e9ho syst\u00e9mu pro rekonstrukci kom\u00edn\u016f vlo\u017ekov\u00e1n\u00edm,<\/li><li>v\u00fdrobu, dod\u00e1vku a mont\u00e1\u017e v\u00edcevrstv\u00e9ho kovov\u00e9ho kom\u00ednov\u00e9ho syst\u00e9mu s hlin\u00edkov\u00fdm kom\u00ednov\u00fdm pl\u00e1\u0161t\u011bm pro zhotoven\u00ed kom\u00ednov\u00fdch t\u011bles veden\u00fdch po fas\u00e1d\u011b budovy p\u0159\u00edp. vnit\u0159n\u00edm prostorem budovy nebo jako kom\u00edn\u016f voln\u011b stoj\u00edc\u00edch,<\/li><li>v\u00fdrobu, dod\u00e1vku a mont\u00e1\u017e v\u00edcevrstv\u00e9ho kovov\u00e9ho kom\u00ednov\u00e9ho syst\u00e9mu s kom\u00ednov\u00fdm pl\u00e1\u0161t\u011bm z nekoroduj\u00edc\u00ed oceli pro zhotoven\u00ed kom\u00ednov\u00fdch t\u011bles veden\u00fdch po fas\u00e1d\u011b budovy p\u0159\u00edp. vnit\u0159n\u00edm prostorem budovy nebo jako kom\u00edn\u016f voln\u011b stoj\u00edc\u00edch,<\/li><li>dod\u00e1vka a mont\u00e1\u017e kou\u0159ovod\u016f pro napojen\u00ed spot\u0159ebi\u010d\u016f na kom\u00ednov\u00e1 t\u011blesa, kom\u00ednov\u00e9 vlo\u017eky p\u0159\u00edp. na st\u00e1vaj\u00edc\u00ed kom\u00edn,<\/li><li>rekonstrukce zd\u011bn\u00fdch nebo betonov\u00fdch tov\u00e1rn\u00edch kom\u00edn\u016f kom\u00ednov\u00fdmi vlo\u017ekami z nekoroduj\u00edc\u00ed oceli s v\u00fdztu\u017en\u00fdmi obru\u010demi, nebo s tvarovou v\u00fdztuhou. Rekonstrukce se prov\u00e1d\u00ed horolezeckou technikou s vyu\u017eit\u00edm zdvihac\u00edch mechanism\u016f,<\/li><li>jako \u010dlen partnersk\u00e9ho syst\u00e9mu <strong>&#8222;SCHIEDEL &#8211; OBNOVA KOM\u00cdN\u016e&#8220;<\/strong> zaji\u0161\u0165uje na\u0161e kominick\u00e1 firma dod\u00e1vku a mont\u00e1\u017e vybran\u00fdch sana\u010dn\u00edch syst\u00e9m\u016f firmy <strong>SCHIEDEL spol. s r.o.<\/strong> Jedn\u00e1 se o keramick\u00e9 sana\u010dn\u00ed syst\u00e9my <strong>KERANOVA a UNISAN<\/strong>, sana\u010dn\u00ed plastov\u00fd syst\u00e9m z <strong>PVDF ProGasFlex<\/strong>, kter\u00fd je odoln\u00fd proti vlhkosti, t\u0159\u00edvrstv\u00fd nerezov\u00fd kom\u00ednov\u00fd syst\u00e9m <strong>SCHIEDEL RS 3000<\/strong>, jednopl\u00e1\u0161\u0165ov\u00fd univerz\u00e1ln\u00ed nerezov\u00fd syst\u00e9m <strong>SCHIEDEL RS 2000<\/strong>, odoln\u00fd v\u016f\u010di vlhkosti s tlou\u0161\u0165kou st\u011bny 0,6 mm, jednopl\u00e1\u0161\u0165ov\u00fd univerz\u00e1ln\u00ed syst\u00e9m <strong>SCHIEDEL RS 1000<\/strong>, odoln\u00fd v\u016f\u010di vlhkosti s tlou\u0161\u0165kou st\u011bny 1 mm, jednopl\u00e1\u0161\u0165ov\u00fd ohebn\u00fd nerezov\u00fd syst\u00e9m <strong>SCHIEDEL G Flex<\/strong>, odoln\u00fd proti vlhkosti a jednopl\u00e1\u0161\u0165ov\u00fd nerezov\u00fd syst\u00e9m <strong>SCHIEDEL DrehFix<\/strong> se z\u00e1vity, odoln\u00fd proti vlhkosti,<\/li><li>vypracov\u00e1n\u00ed revizn\u00ed zpr\u00e1vy k proveden\u00e9 spalinov\u00e9 cest\u011b, ale i n\u00e1sledn\u00e9 dlouhodob\u00e9 periodick\u00e9 kontroly a revize spalinov\u00fdch cest dle vyhl.&nbsp;\u010d. 91\/2010 Sb. &#8211; O podm\u00ednk\u00e1ch po\u017e\u00e1rn\u00ed bezpe\u010dnosti p\u0159i provozu kom\u00edn\u016f, kou\u0159ovod\u016f a spot\u0159ebi\u010d\u016f paliv.<\/li><\/ul>\n","protected":false},"excerpt":{"rendered":"<p>Kominictv\u00ed Josef K\u00f6r\u00f6si&nbsp;z Fulneku nab\u00edz\u00ed zaji\u0161t\u011bn\u00ed projektov\u00e9 dokumentace \u200bstavby kom\u00edn\u016f a v\u0161echny \u010dinnosti spojen\u00e9 se stavbou, rekonstrukc\u00ed, p\u0159\u00edpadn\u011b \u00fadr\u017ebou kom\u00edn\u016f. V t\u00e9to oblasti nab\u00edz\u00edme tyto slu\u017eby:&nbsp; poradenskou \u010dinnost k problematice kom\u00edn\u016f, kou\u0159ovod\u016f a p\u0159ipojov\u00e1n\u00ed spot\u0159ebi\u010d\u016f paliv na z\u00e1klad\u011b nejnov\u011bj\u0161\u00edch zku\u0161enost\u00ed a dostupn\u00fdch technologi\u00ed, prov\u00e1d\u011bn\u00ed pr\u016fzkum\u016f st\u00e1vaj\u00edc\u00edch kom\u00edn\u016f, jako vstupn\u00edch podklad\u016f pro vypracov\u00e1n\u00ed optim\u00e1ln\u00edho n\u00e1vrhu vyu\u017eit\u00ed [&hellip;]<\/p>\n","protected":false},"author":1,"featured_media":0,"parent":15,"menu_order":0,"comment_status":"closed","ping_status":"closed","template":"template-fullwidth.php","meta":{"footnotes":""},"_links":{"self":[{"href":"https:\/\/www.korosi.cz\/index.php\/wp-json\/wp\/v2\/pages\/13"}],"collection":[{"href":"https:\/\/www.korosi.cz\/index.php\/wp-json\/wp\/v2\/pages"}],"about":[{"href":"https:\/\/www.korosi.cz\/index.php\/wp-json\/wp\/v2\/types\/page"}],"author":[{"embeddable":true,"href":"https:\/\/www.korosi.cz\/index.php\/wp-json\/wp\/v2\/users\/1"}],"replies":[{"embeddable":true,"href":"https:\/\/www.korosi.cz\/index.php\/wp-json\/wp\/v2\/comments?post=13"}],"version-history":[{"count":5,"href":"https:\/\/www.korosi.cz\/index.php\/wp-json\/wp\/v2\/pages\/13\/revisions"}],"predecessor-version":[{"id":25,"href":"https:\/\/www.korosi.cz\/index.php\/wp-json\/wp\/v2\/pages\/13\/revisions\/25"}],"up":[{"embeddable":true,"href":"https:\/\/www.korosi.cz\/index.php\/wp-json\/wp\/v2\/pages\/15"}],"wp:attachment":[{"href":"https:\/\/www.korosi.cz\/index.php\/wp-json\/wp\/v2\/media?parent=13"}],"curies":[{"name":"wp","href":"https:\/\/api.w.org\/{rel}","templated":true}]}}