{"id":113,"date":"2020-09-21T11:45:31","date_gmt":"2020-09-21T09:45:31","guid":{"rendered":"http:\/\/www.korosi.cz\/?page_id=113"},"modified":"2020-09-21T11:52:08","modified_gmt":"2020-09-21T09:52:08","slug":"realizace","status":"publish","type":"page","link":"https:\/\/www.korosi.cz\/index.php\/realizace\/","title":{"rendered":"Realizace"},"content":{"rendered":"\n<p>Na\u0161e <strong>kominictv\u00ed&nbsp;K\u00f6r\u00f6si Josef<\/strong>&nbsp;z Fulneku nab\u00edz\u00ed sv\u00e9 kominick\u00e9 slu\u017eby nejen na \u00fazem\u00ed \u010cesk\u00e9 republiky, ale realizovala zak\u00e1zky na Slovensku i v Polsku. Zde je n\u011bkolik uk\u00e1zek z na\u0161ich realizovan\u00fdch zak\u00e1zek.<\/p>\n\n\n\n<figure class=\"wp-block-gallery columns-3 is-cropped wp-block-gallery-1 is-layout-flex wp-block-gallery-is-layout-flex\"><ul class=\"blocks-gallery-grid\"><li class=\"blocks-gallery-item\"><figure><a href=\"http:\/\/www.korosi.cz\/wp-content\/uploads\/2020\/09\/realizace1-150x150.jpg\"><img loading=\"lazy\" decoding=\"async\" width=\"150\" height=\"150\" src=\"http:\/\/www.korosi.cz\/wp-content\/uploads\/2020\/09\/realizace1-150x150.jpg\" alt=\"\" data-id=\"121\" data-link=\"http:\/\/www.korosi.cz\/index.php\/realizace\/realizace1\/\" class=\"wp-image-121\"\/><\/a><figcaption class=\"blocks-gallery-item__caption\">Rekonstrukce a opravy kom\u00edn\u016f ve Fulneku<\/figcaption><\/figure><\/li><li class=\"blocks-gallery-item\"><figure><a href=\"http:\/\/www.korosi.cz\/wp-content\/uploads\/2020\/09\/realizace22-150x150.jpg\"><img loading=\"lazy\" decoding=\"async\" width=\"150\" height=\"150\" src=\"http:\/\/www.korosi.cz\/wp-content\/uploads\/2020\/09\/realizace22-150x150.jpg\" alt=\"\" data-id=\"122\" data-link=\"http:\/\/www.korosi.cz\/index.php\/realizace\/realizace22\/\" class=\"wp-image-122\"\/><\/a><figcaption class=\"blocks-gallery-item__caption\">V\u00fdstavba nov\u00e9ho kom\u00ednu v novostavb\u011b<\/figcaption><\/figure><\/li><li class=\"blocks-gallery-item\"><figure><a href=\"http:\/\/www.korosi.cz\/wp-content\/uploads\/2020\/09\/realiazace5.jpg\"><img loading=\"lazy\" decoding=\"async\" width=\"150\" height=\"150\" src=\"http:\/\/www.korosi.cz\/wp-content\/uploads\/2020\/09\/realiazace5-150x150.jpg\" alt=\"\" data-id=\"124\" data-full-url=\"http:\/\/www.korosi.cz\/wp-content\/uploads\/2020\/09\/realiazace5.jpg\" data-link=\"http:\/\/www.korosi.cz\/index.php\/realizace\/realiazace5\/\" class=\"wp-image-124\"\/><\/a><figcaption class=\"blocks-gallery-item__caption\">P\u0159\u00edstavba venkovn\u00edho kom\u00ednu<br>u RD v Albrechtic\u00edch<\/figcaption><\/figure><\/li><li class=\"blocks-gallery-item\"><figure><a href=\"http:\/\/www.korosi.cz\/wp-content\/uploads\/2020\/09\/realiazace7.jpg\"><img loading=\"lazy\" decoding=\"async\" width=\"150\" height=\"150\" src=\"http:\/\/www.korosi.cz\/wp-content\/uploads\/2020\/09\/realiazace7-150x150.jpg\" alt=\"\" data-id=\"125\" data-full-url=\"http:\/\/www.korosi.cz\/wp-content\/uploads\/2020\/09\/realiazace7.jpg\" data-link=\"http:\/\/www.korosi.cz\/index.php\/realizace\/realiazace7\/\" class=\"wp-image-125\"\/><\/a><figcaption class=\"blocks-gallery-item__caption\">Realizace venkovn\u00edch kom\u00edn\u016f<br>v Baumaxu Tren\u010d\u00edn<\/figcaption><\/figure><\/li><li class=\"blocks-gallery-item\"><figure><a href=\"http:\/\/www.korosi.cz\/wp-content\/uploads\/2020\/09\/realiazce6.jpg\"><img loading=\"lazy\" decoding=\"async\" width=\"150\" height=\"150\" src=\"http:\/\/www.korosi.cz\/wp-content\/uploads\/2020\/09\/realiazce6-150x150.jpg\" alt=\"\" data-id=\"126\" data-full-url=\"http:\/\/www.korosi.cz\/wp-content\/uploads\/2020\/09\/realiazce6.jpg\" data-link=\"http:\/\/www.korosi.cz\/index.php\/realizace\/realiazce6\/\" class=\"wp-image-126\"\/><\/a><figcaption class=\"blocks-gallery-item__caption\">P\u0159\u00edstavba nadst\u0159e\u0161n\u00ed \u010d\u00e1sti kom\u00edn\u016f<br>v Krakov\u011b &#8211; Polsko<\/figcaption><\/figure><\/li><li class=\"blocks-gallery-item\"><figure><a href=\"http:\/\/www.korosi.cz\/wp-content\/uploads\/2020\/09\/realizace3.jpg\"><img loading=\"lazy\" decoding=\"async\" width=\"150\" height=\"150\" src=\"http:\/\/www.korosi.cz\/wp-content\/uploads\/2020\/09\/realizace3-150x150.jpg\" alt=\"\" data-id=\"127\" data-full-url=\"http:\/\/www.korosi.cz\/wp-content\/uploads\/2020\/09\/realizace3.jpg\" data-link=\"http:\/\/www.korosi.cz\/index.php\/realizace\/realizace3\/\" class=\"wp-image-127\"\/><\/a><figcaption class=\"blocks-gallery-item__caption\">Rekonstrukce kom\u00ednu p\u0159i oprav\u011b st\u0159echy.<\/figcaption><\/figure><\/li><li class=\"blocks-gallery-item\"><figure><a href=\"http:\/\/www.korosi.cz\/wp-content\/uploads\/2020\/09\/realizace4.jpg\"><img loading=\"lazy\" decoding=\"async\" width=\"150\" height=\"150\" src=\"http:\/\/www.korosi.cz\/wp-content\/uploads\/2020\/09\/realizace4-150x150.jpg\" alt=\"\" data-id=\"128\" data-full-url=\"http:\/\/www.korosi.cz\/wp-content\/uploads\/2020\/09\/realizace4.jpg\" data-link=\"http:\/\/www.korosi.cz\/index.php\/realizace\/realizace4\/\" class=\"wp-image-128\"\/><\/a><figcaption class=\"blocks-gallery-item__caption\">Venkovn\u00ed kom\u00edn v Aquaparku v Hranic\u00edch<\/figcaption><\/figure><\/li><\/ul><\/figure>\n","protected":false},"excerpt":{"rendered":"<p>Na\u0161e kominictv\u00ed&nbsp;K\u00f6r\u00f6si Josef&nbsp;z Fulneku nab\u00edz\u00ed sv\u00e9 kominick\u00e9 slu\u017eby nejen na \u00fazem\u00ed \u010cesk\u00e9 republiky, ale realizovala zak\u00e1zky na Slovensku i v Polsku. Zde je n\u011bkolik uk\u00e1zek z na\u0161ich realizovan\u00fdch zak\u00e1zek.<\/p>\n","protected":false},"author":1,"featured_media":0,"parent":0,"menu_order":0,"comment_status":"closed","ping_status":"closed","template":"","meta":{"footnotes":""},"_links":{"self":[{"href":"https:\/\/www.korosi.cz\/index.php\/wp-json\/wp\/v2\/pages\/113"}],"collection":[{"href":"https:\/\/www.korosi.cz\/index.php\/wp-json\/wp\/v2\/pages"}],"about":[{"href":"https:\/\/www.korosi.cz\/index.php\/wp-json\/wp\/v2\/types\/page"}],"author":[{"embeddable":true,"href":"https:\/\/www.korosi.cz\/index.php\/wp-json\/wp\/v2\/users\/1"}],"replies":[{"embeddable":true,"href":"https:\/\/www.korosi.cz\/index.php\/wp-json\/wp\/v2\/comments?post=113"}],"version-history":[{"count":4,"href":"https:\/\/www.korosi.cz\/index.php\/wp-json\/wp\/v2\/pages\/113\/revisions"}],"predecessor-version":[{"id":130,"href":"https:\/\/www.korosi.cz\/index.php\/wp-json\/wp\/v2\/pages\/113\/revisions\/130"}],"wp:attachment":[{"href":"https:\/\/www.korosi.cz\/index.php\/wp-json\/wp\/v2\/media?parent=113"}],"curies":[{"name":"wp","href":"https:\/\/api.w.org\/{rel}","templated":true}]}}