{"id":104,"date":"2020-09-21T11:42:05","date_gmt":"2020-09-21T09:42:05","guid":{"rendered":"http:\/\/www.korosi.cz\/?page_id=104"},"modified":"2020-09-21T11:42:19","modified_gmt":"2020-09-21T09:42:19","slug":"planovane-a-povinne-revize-kominu","status":"publish","type":"page","link":"https:\/\/www.korosi.cz\/index.php\/nase-sluzby\/revize-kominu\/planovane-a-povinne-revize-kominu\/","title":{"rendered":"Pl\u00e1novan\u00e9 a povinn\u00e9 revize kom\u00edn\u016f"},"content":{"rendered":"\n<h2 class=\"wp-block-heading\"><strong>Revize kou\u0159ov\u00fdch cest<\/strong><\/h2>\n\n\n\n<p>Firma <strong>K\u00f6r\u00f6si Josef \u2013 Kominictv\u00ed<\/strong> z Fulneku <strong>prov\u00e1d\u00ed revize kom\u00edn\u016f a kou\u0159ov\u00fdch cest<\/strong> jak u nov\u00e9 v\u00fdstavby, tak periodick\u00e9 revize st\u00e1vaj\u00edc\u00edch objekt\u016f. Datab\u00e1ze na\u0161ich z\u00e1kazn\u00edk\u016f je z\u00e1rukou, \u017ee revize budou provedeny v term\u00ednech vypl\u00fdvaj\u00edc\u00edch ze z\u00e1kona. Sou\u010d\u00e1st\u00ed revizn\u00ed zpr\u00e1vy jsou upozorn\u011bn\u00ed na z\u00e1vady a n\u00e1m\u011bty na zlep\u0161en\u00ed hospod\u00e1rnosti provozu spot\u0159ebi\u010d\u016f.<\/p>\n\n\n\n<h2 class=\"wp-block-heading\"><strong>Revize a kontroly<\/strong><\/h2>\n\n\n\n<p>Na\u0161e firma vlastn\u00ed ve\u0161ker\u00e9 doklady pro prov\u00e1d\u011bn\u00ed reviz\u00ed kom\u00edn\u016f a kou\u0159ov\u00fdch cest a chceme V\u00e1m prov\u00e1d\u011bn\u00ed t\u00e9to \u010dinnosti nab\u00eddnout. Po dohod\u011b s V\u00e1mi provedeme revize kom\u00edn\u016f a kou\u0159ov\u00fdch cest, p\u0159\u00edpadn\u011b odstran\u00edme zji\u0161t\u011bn\u00e9 z\u00e1vady. V p\u0159\u00edpad\u011b, \u017ee m\u00e1me se z\u00e1kazn\u00edkem trvalou smlouvu prov\u00e1d\u00edme prohl\u00eddky pravideln\u011b v intervalech, kter\u00e9 jsou d\u00e1ny z\u00e1konem. Odpadne V\u00e1m tak starost o tuto povinnost.<\/p>\n\n\n\n<h2 class=\"wp-block-heading\">MPSV \u010cR n\u00e1m na z\u00e1klad\u011b proveden\u00e9 zkou\u0161ky vydalo osv\u011bd\u010den\u00ed &#8211; <strong>Revizn\u00ed technik kom\u00edn\u016f<\/strong><\/h2>\n\n\n\n<figure class=\"wp-block-gallery columns-2 is-cropped wp-block-gallery-1 is-layout-flex wp-block-gallery-is-layout-flex\"><ul class=\"blocks-gallery-grid\"><li class=\"blocks-gallery-item\"><figure><a href=\"http:\/\/www.korosi.cz\/wp-content\/uploads\/2020\/09\/osvedceni1.png\"><img loading=\"lazy\" decoding=\"async\" width=\"598\" height=\"774\" src=\"http:\/\/www.korosi.cz\/wp-content\/uploads\/2020\/09\/osvedceni1.png\" alt=\"\" data-id=\"105\" data-full-url=\"http:\/\/www.korosi.cz\/wp-content\/uploads\/2020\/09\/osvedceni1.png\" data-link=\"http:\/\/www.korosi.cz\/?attachment_id=105\" class=\"wp-image-105\" srcset=\"https:\/\/www.korosi.cz\/wp-content\/uploads\/2020\/09\/osvedceni1.png 598w, https:\/\/www.korosi.cz\/wp-content\/uploads\/2020\/09\/osvedceni1-232x300.png 232w, https:\/\/www.korosi.cz\/wp-content\/uploads\/2020\/09\/osvedceni1-85x110.png 85w, https:\/\/www.korosi.cz\/wp-content\/uploads\/2020\/09\/osvedceni1-193x250.png 193w, https:\/\/www.korosi.cz\/wp-content\/uploads\/2020\/09\/osvedceni1-420x544.png 420w\" sizes=\"(max-width: 598px) 100vw, 598px\" \/><\/a><\/figure><\/li><li class=\"blocks-gallery-item\"><figure><a href=\"http:\/\/www.korosi.cz\/wp-content\/uploads\/2020\/09\/osvedceni2.png\"><img loading=\"lazy\" decoding=\"async\" width=\"540\" height=\"765\" src=\"http:\/\/www.korosi.cz\/wp-content\/uploads\/2020\/09\/osvedceni2.png\" alt=\"\" data-id=\"106\" data-full-url=\"http:\/\/www.korosi.cz\/wp-content\/uploads\/2020\/09\/osvedceni2.png\" data-link=\"http:\/\/www.korosi.cz\/?attachment_id=106\" class=\"wp-image-106\" srcset=\"https:\/\/www.korosi.cz\/wp-content\/uploads\/2020\/09\/osvedceni2.png 540w, https:\/\/www.korosi.cz\/wp-content\/uploads\/2020\/09\/osvedceni2-212x300.png 212w, https:\/\/www.korosi.cz\/wp-content\/uploads\/2020\/09\/osvedceni2-78x110.png 78w, https:\/\/www.korosi.cz\/wp-content\/uploads\/2020\/09\/osvedceni2-176x250.png 176w, https:\/\/www.korosi.cz\/wp-content\/uploads\/2020\/09\/osvedceni2-384x544.png 384w\" sizes=\"(max-width: 540px) 100vw, 540px\" \/><\/a><\/figure><\/li><\/ul><\/figure>\n","protected":false},"excerpt":{"rendered":"<p>Revize kou\u0159ov\u00fdch cest Firma K\u00f6r\u00f6si Josef \u2013 Kominictv\u00ed z Fulneku prov\u00e1d\u00ed revize kom\u00edn\u016f a kou\u0159ov\u00fdch cest jak u nov\u00e9 v\u00fdstavby, tak periodick\u00e9 revize st\u00e1vaj\u00edc\u00edch objekt\u016f. Datab\u00e1ze na\u0161ich z\u00e1kazn\u00edk\u016f je z\u00e1rukou, \u017ee revize budou provedeny v term\u00ednech vypl\u00fdvaj\u00edc\u00edch ze z\u00e1kona. Sou\u010d\u00e1st\u00ed revizn\u00ed zpr\u00e1vy jsou upozorn\u011bn\u00ed na z\u00e1vady a n\u00e1m\u011bty na zlep\u0161en\u00ed hospod\u00e1rnosti provozu spot\u0159ebi\u010d\u016f. Revize a [&hellip;]<\/p>\n","protected":false},"author":1,"featured_media":0,"parent":102,"menu_order":0,"comment_status":"closed","ping_status":"closed","template":"","meta":{"footnotes":""},"_links":{"self":[{"href":"https:\/\/www.korosi.cz\/index.php\/wp-json\/wp\/v2\/pages\/104"}],"collection":[{"href":"https:\/\/www.korosi.cz\/index.php\/wp-json\/wp\/v2\/pages"}],"about":[{"href":"https:\/\/www.korosi.cz\/index.php\/wp-json\/wp\/v2\/types\/page"}],"author":[{"embeddable":true,"href":"https:\/\/www.korosi.cz\/index.php\/wp-json\/wp\/v2\/users\/1"}],"replies":[{"embeddable":true,"href":"https:\/\/www.korosi.cz\/index.php\/wp-json\/wp\/v2\/comments?post=104"}],"version-history":[{"count":1,"href":"https:\/\/www.korosi.cz\/index.php\/wp-json\/wp\/v2\/pages\/104\/revisions"}],"predecessor-version":[{"id":107,"href":"https:\/\/www.korosi.cz\/index.php\/wp-json\/wp\/v2\/pages\/104\/revisions\/107"}],"up":[{"embeddable":true,"href":"https:\/\/www.korosi.cz\/index.php\/wp-json\/wp\/v2\/pages\/102"}],"wp:attachment":[{"href":"https:\/\/www.korosi.cz\/index.php\/wp-json\/wp\/v2\/media?parent=104"}],"curies":[{"name":"wp","href":"https:\/\/api.w.org\/{rel}","templated":true}]}}